{"id":6156,"date":"2025-08-19T16:32:17","date_gmt":"2025-08-19T16:32:17","guid":{"rendered":"https:\/\/www.castellonsummercup.com\/?page_id=6156"},"modified":"2026-02-19T16:04:37","modified_gmt":"2026-02-19T16:04:37","slug":"inscripcion","status":"publish","type":"page","link":"https:\/\/www.castellonsummercup.com\/index.php\/inscripcion\/","title":{"rendered":"Inscripci\u00f3n y participaci\u00f3n"},"content":{"rendered":"[vc_row type=\u00bbfull_width_background\u00bb full_screen_row_position=\u00bbmiddle\u00bb column_margin=\u00bbdefault\u00bb column_direction=\u00bbdefault\u00bb column_direction_tablet=\u00bbdefault\u00bb column_direction_phone=\u00bbdefault\u00bb bg_color=\u00bb#ffffff\u00bb scene_position=\u00bbcenter\u00bb top_padding=\u00bb5%\u00bb bottom_padding=\u00bb5%\u00bb text_color=\u00bbdark\u00bb text_align=\u00bbleft\u00bb row_border_radius=\u00bbnone\u00bb row_border_radius_applies=\u00bbbg\u00bb overflow=\u00bbvisible\u00bb overlay_strength=\u00bb0.3&#8243; gradient_direction=\u00bbleft_to_right\u00bb shape_divider_position=\u00bbbottom\u00bb bg_image_animation=\u00bbnone\u00bb][vc_column column_padding=\u00bbpadding-2-percent\u00bb column_padding_tablet=\u00bbinherit\u00bb column_padding_phone=\u00bbinherit\u00bb column_padding_position=\u00bball\u00bb column_element_direction_desktop=\u00bbdefault\u00bb column_element_spacing=\u00bbdefault\u00bb desktop_text_alignment=\u00bbdefault\u00bb tablet_text_alignment=\u00bbdefault\u00bb phone_text_alignment=\u00bbdefault\u00bb background_color_opacity=\u00bb1&#8243; background_hover_color_opacity=\u00bb1&#8243; column_backdrop_filter=\u00bbnone\u00bb column_shadow=\u00bbnone\u00bb column_border_radius=\u00bbnone\u00bb column_link_target=\u00bb_self\u00bb column_position=\u00bbdefault\u00bb gradient_direction=\u00bbleft_to_right\u00bb overlay_strength=\u00bb0.3&#8243; width=\u00bb1\/2&#8243; tablet_width_inherit=\u00bbdefault\u00bb animation_type=\u00bbdefault\u00bb bg_image_animation=\u00bbnone\u00bb border_type=\u00bbsimple\u00bb column_border_width=\u00bbnone\u00bb column_border_style=\u00bbsolid\u00bb][split_line_heading animation_type=\u00bbdefault\u00bb text_direction=\u00bbdefault\u00bb]\n<h2 style=\"color: #1e83ec;\">Cuota de inscripci\u00f3n por equipo<\/h2>\n[\/split_line_heading][vc_row_inner column_margin=\u00bbdefault\u00bb column_direction=\u00bbdefault\u00bb column_direction_tablet=\u00bbdefault\u00bb column_direction_phone=\u00bbdefault\u00bb top_padding=\u00bb15&#8243; bottom_padding=\u00bb25&#8243; text_align=\u00bbleft\u00bb row_position=\u00bbdefault\u00bb row_position_tablet=\u00bbinherit\u00bb row_position_phone=\u00bbinherit\u00bb overflow=\u00bbvisible\u00bb pointer_events=\u00bball\u00bb][vc_column_inner column_padding=\u00bbno-extra-padding\u00bb column_padding_tablet=\u00bbinherit\u00bb column_padding_phone=\u00bbinherit\u00bb column_padding_position=\u00bball\u00bb column_element_direction_desktop=\u00bbdefault\u00bb column_element_spacing=\u00bbdefault\u00bb desktop_text_alignment=\u00bbdefault\u00bb tablet_text_alignment=\u00bbdefault\u00bb phone_text_alignment=\u00bbdefault\u00bb background_color_opacity=\u00bb1&#8243; background_hover_color_opacity=\u00bb1&#8243; column_backdrop_filter=\u00bbnone\u00bb column_shadow=\u00bbnone\u00bb column_border_radius=\u00bbnone\u00bb column_link_target=\u00bb_self\u00bb overflow=\u00bbvisible\u00bb gradient_direction=\u00bbleft_to_right\u00bb overlay_strength=\u00bb0.3&#8243; width=\u00bb1\/1&#8243; tablet_width_inherit=\u00bbdefault\u00bb animation_type=\u00bbdefault\u00bb enable_animation=\u00bbtrue\u00bb animation=\u00bbfade-in-from-bottom\u00bb animation_easing=\u00bbdefault\u00bb bg_image_animation=\u00bbnone\u00bb border_type=\u00bbsimple\u00bb column_border_width=\u00bbnone\u00bb column_border_style=\u00bbsolid\u00bb][vc_column_text css=\u00bb\u00bb text_direction=\u00bbdefault\u00bb]\n<h3>200\u20ac POR EQUIPO<\/h3>\n[\/vc_column_text][\/vc_column_inner][\/vc_row_inner][vc_row_inner column_margin=\u00bbdefault\u00bb column_direction=\u00bbdefault\u00bb column_direction_tablet=\u00bbdefault\u00bb column_direction_phone=\u00bbdefault\u00bb text_align=\u00bbleft\u00bb row_position=\u00bbdefault\u00bb row_position_tablet=\u00bbinherit\u00bb row_position_phone=\u00bbinherit\u00bb overflow=\u00bbvisible\u00bb pointer_events=\u00bball\u00bb][vc_column_inner column_padding=\u00bbno-extra-padding\u00bb column_padding_tablet=\u00bbinherit\u00bb column_padding_phone=\u00bbinherit\u00bb column_padding_position=\u00bball\u00bb column_element_direction_desktop=\u00bbdefault\u00bb column_element_spacing=\u00bbdefault\u00bb desktop_text_alignment=\u00bbdefault\u00bb tablet_text_alignment=\u00bbdefault\u00bb phone_text_alignment=\u00bbdefault\u00bb background_color_opacity=\u00bb1&#8243; background_hover_color_opacity=\u00bb1&#8243; column_backdrop_filter=\u00bbnone\u00bb column_shadow=\u00bbnone\u00bb column_border_radius=\u00bbnone\u00bb column_link_target=\u00bb_self\u00bb overflow=\u00bbvisible\u00bb gradient_direction=\u00bbleft_to_right\u00bb overlay_strength=\u00bb0.3&#8243; width=\u00bb1\/1&#8243; tablet_width_inherit=\u00bbdefault\u00bb animation_type=\u00bbdefault\u00bb enable_animation=\u00bbtrue\u00bb animation=\u00bbfade-in-from-bottom\u00bb animation_easing=\u00bbdefault\u00bb bg_image_animation=\u00bbnone\u00bb border_type=\u00bbsimple\u00bb column_border_width=\u00bbnone\u00bb column_border_style=\u00bbsolid\u00bb][vc_column_text css=\u00bb\u00bb text_direction=\u00bbdefault\u00bb]\n<h3 style=\"color: #1e83ec;\">A) SIN ALOJAMIENTO<\/h3>\n<p>Opci\u00f3n pensada para equipos que gestionan su propio alojamiento.\u00a0Incluye todos los servicios detallados m\u00e1s abajo.<\/p>\n<h4>\u2022\u00a0\u00a0 150\u20ac por persona<\/h4>\n<h4>\u2022\u00a0\u00a0 1 entrenador\/a 50% de descuento<\/h4>\n[\/vc_column_text][vc_column_text css=\u00bb\u00bb text_direction=\u00bbdefault\u00bb]\n<h3 style=\"color: #1e83ec;\">B) CON ALOJAMIENTO<\/h3>\n<p>Los precios incluyen pensi\u00f3n completa en los hoteles seleccionados desde la cena del 30 de Junio hasta la comida del 5 de Julio. <strong>IVA incluido<\/strong> en todos los precios. Servicio de transporte, no incluido.<\/p>\n<h4>\u2022\u00a0 Hotel Do\u00f1a Lola 3* 430\u20ac <span style=\"color: #0000ff;\">[COMPLETO]<\/span><\/h4>\n<h4>\u2022\u00a0 Hotel Luz 4* 680\u20ac<\/h4>\n<h4>\u2022\u00a0 Hotel Jaime I 4* 680\u20ac<\/h4>\n<h4>\u2022\u00a0 Hotel Castell\u00f3n Center 4* 680\u20ac<\/h4>\n<h4>\u2022\u00a0\u00a0 Hotel Bag 3* &#8211; 410\u20ac <span style=\"color: #0000ff;\">[COMPLETO]<\/span><\/h4>\n<h4>\u2022\u00a0\u00a0 Hotel B&amp;B 3* &#8211; 550\u20ac<\/h4>\n<h4>\u2022\u00a0\u00a0 Sercotel Plana Parc 3* &#8211; 499\u20ac<\/h4>\n<h4>\u2022\u00a0\u00a0Hotel Rostits 2 estrellas (Solo Alojamiento) &#8211; 240\u20ac<\/h4>\n<h4>\u2022\u00a0\u00a0Hotel Plana Onda 3 estrellas (Alojamiento y desayuno) &#8211; 290\u20ac<\/h4>\n<h4>\u2022\u00a0\u00a0Hotel DL Durban 2 estrellas (Solo Alojamiento) &#8211; 250\u20ac<\/h4>\n<h4>\u2022\u00a0\u00a0Hotel DL Port 2 estrellas\u00a0 (Solo Alojamiento) &#8211; 250\u20ac<\/h4>\n<h4>\u2022\u00a0\u00a0Hotel Sercotel Plana Suites 3 estrellas (Alojamiento y desayuno) &#8211; 330\u20ac.<\/h4>\n<h4>\u2022\u00a0\u00a0Residencia Camplus La Fabrica (Estudios con cocina y ba\u00f1o)<\/h4>\n<ul>\n<li style=\"list-style-type: none;\">\n<ul>\n<li>\n<h4>Estudio Doble 250\u20ac (Solo alojamiento) <span style=\"color: #0000ff;\">[COMPLETO]<\/span> \/ Estudio individual 270\u20ac (Solo alojamiento)<\/h4>\n<\/li>\n<\/ul>\n<\/li>\n<\/ul>\n<h4>\u2022\u00a0\u00a0Hotel Magic Palace 4* &#8211; 470\u20ac (fianza 48 horas antes del ingreso de 60\u20ac, se devolver\u00e1 a la salida)<\/h4>\n<h4>\u2022\u00a0\u00a0Hotel Magic Sport 4* &#8211; 599\u20ac<\/h4>\n<h4>(fianza 48 horas antes del ingreso de 60\u20ac, se devolver\u00e1 a la salida)<\/h4>\n<h4>\u2022\u00a0\u00a0Hotel Magic Azul 2* &#8211; 390\u20ac<\/h4>\n<h4>(fianza 48 horas antes del ingreso de 60\u20ac, se devolver\u00e1 a la salida)<\/h4>\n<p><strong>PR\u00d3XIMAMENTE M\u00c1S HOTELES DISPONIBLES<\/strong>.[\/vc_column_text][vc_column_text css=\u00bb\u00bb text_direction=\u00bbdefault\u00bb]\n<h3 style=\"color: #1e83ec;\">C) EQUIPOS LOCALES (Castell\u00f3n)<\/h3>\n<p><strong>Participaci\u00f3n<\/strong>: 20\u20ac por jugador.<br \/>\n<strong>Entrenador<\/strong>: Sin Coste.[\/vc_column_text][vc_column_text css=\u00bb\u00bb text_direction=\u00bbdefault\u00bb]\n<h3 style=\"color: #1e83ec;\">SERVICIO DE TRANSPORTE<\/h3>\n<h4>\u2022 Consultar disponibilidad y precios<\/h4>\n[\/vc_column_text][vc_column_text css=\u00bb\u00bb text_direction=\u00bbdefault\u00bb]\n<blockquote>\n<h3 data-start=\"80\" data-end=\"381\"><strong data-start=\"80\" data-end=\"381\">La organizaci\u00f3n del torneo entregar\u00e1, a cada participante que lo solicite, un talonario de 100 papeletas de 5 \u20ac cada una. Con su venta, el jugador podr\u00e1 autofinanciar parte de su participaci\u00f3n en el torneo. El premio del sorteo ser\u00e1 un viaje de fin de semana para dos personas a un <span style=\"text-decoration: underline;\">destino europeo<\/span>.\u00a0<\/strong><\/h3>\n<\/blockquote>\n[\/vc_column_text][nectar_btn size=\u00bbjumbo\u00bb button_style=\u00bbregular\u00bb button_color_2=\u00bbAccent-Color\u00bb icon_family=\u00bbnone\u00bb text=\u00bbInscripciones deportivas\u00bb url=\u00bbhttps:\/\/www.castellonsummercup.com\/index.php\/reservas\/\u00bb][nectar_lottie trigger_type=\u00bbplay\u00bb mobile_func=\u00bbdefault\u00bb loop=\u00bbtrue\u00bb trigger_offset=\u00bb0.00,100.00&#8243; frame_constraint=\u00bb0.00,100.00&#8243; alignment=\u00bbcenter\u00bb preserve_aspect_ratio=\u00bbxMidYMid meet\u00bb json_url=\u00bbhttps:\/\/lottie.host\/eb09e895-9a25-49c5-acd6-f428fdc998f7\/pXAjZFvPPP.lottie\u00bb][\/vc_column_inner][\/vc_row_inner][\/vc_column][vc_column column_padding=\u00bbpadding-2-percent\u00bb column_padding_tablet=\u00bbinherit\u00bb column_padding_phone=\u00bbinherit\u00bb column_padding_position=\u00bball\u00bb column_element_direction_desktop=\u00bbdefault\u00bb column_element_spacing=\u00bbdefault\u00bb desktop_text_alignment=\u00bbdefault\u00bb tablet_text_alignment=\u00bbdefault\u00bb phone_text_alignment=\u00bbdefault\u00bb background_color_opacity=\u00bb1&#8243; background_hover_color_opacity=\u00bb1&#8243; column_backdrop_filter=\u00bbnone\u00bb column_shadow=\u00bbnone\u00bb column_border_radius=\u00bbnone\u00bb column_link_target=\u00bb_self\u00bb column_position=\u00bbdefault\u00bb gradient_direction=\u00bbleft_to_right\u00bb overlay_strength=\u00bb0.3&#8243; width=\u00bb1\/4&#8243; tablet_width_inherit=\u00bbdefault\u00bb animation_type=\u00bbdefault\u00bb bg_image_animation=\u00bbnone\u00bb border_type=\u00bbsimple\u00bb column_border_width=\u00bbnone\u00bb column_border_style=\u00bbsolid\u00bb][vc_column_text css=\u00bb\u00bb text_direction=\u00bbdefault\u00bb]\n<h3>Los precios incluyen:<\/h3>\n[\/vc_column_text][divider line_type=\u00bbNo Line\u00bb custom_height=\u00bb20&#8243;][nectar_icon_list color=\u00bbdefault\u00bb direction=\u00bbvertical\u00bb icon_size=\u00bbsmall\u00bb icon_style=\u00bbborder\u00bb][nectar_icon_list_item icon_type=\u00bbicon\u00bb text_full_html=\u00bbsimple\u00bb title=\u00bbList Item\u00bb id=\u00bb1757924776768-8&#8243; icon_fontawesome=\u00bbfa fa-gift\u00bb header=\u00bbWelcome pack\u00bb text=\u00bbUn obsequio para cada participante\u00bb tab_id=\u00bb1757924776768-4&#8243;][\/nectar_icon_list_item][nectar_icon_list_item icon_type=\u00bbicon\u00bb text_full_html=\u00bbsimple\u00bb title=\u00bbList Item\u00bb id=\u00bb1757924776790-5&#8243; icon_fontawesome=\u00bbfa fa-futbol-o\u00bb header=\u00bbPartidos\u00bb text=\u00bbM\u00ednimo 4 partidos asegurados.\u00bb tab_id=\u00bb1757924776791-10&#8243;][\/nectar_icon_list_item][nectar_icon_list_item icon_type=\u00bbicon\u00bb icon_family=\u00bbiconsmind\u00bb text_full_html=\u00bbsimple\u00bb title=\u00bbList Item\u00bb id=\u00bb1757924776814-8&#8243; header=\u00bbCampos\u00bb text=\u00bbAlquiler de campos de hierba natural y c\u00e9sped artificial.\u00bb icon_iconsmind=\u00bbiconsmind-Football-2&#8243; tab_id=\u00bb1757924776815-2&#8243;][\/nectar_icon_list_item][nectar_icon_list_item icon_type=\u00bbicon\u00bb text_full_html=\u00bbsimple\u00bb title=\u00bbList Item\u00bb id=\u00bb1757924776839-9&#8243; icon_fontawesome=\u00bbfa fa-id-card-o\u00bb header=\u00bb\u00c1rbitros\u00bb text=\u00bb\u00c1rbitros federados de la Federaci\u00f3n de F\u00fatbol de la Comunidad Valenciana.\u00bb tab_id=\u00bb1757924776840-4&#8243;][\/nectar_icon_list_item][nectar_icon_list_item icon_type=\u00bbicon\u00bb icon_family=\u00bbiconsmind\u00bb text_full_html=\u00bbsimple\u00bb title=\u00bbList Item\u00bb id=\u00bb1757924776858-5&#8243; header=\u00bbMaterial\u00bb text=\u00bbMaterial deportivo para los partidos (balones y petos).\u00bb icon_iconsmind=\u00bbiconsmind-Sports-Shirt\u00bb tab_id=\u00bb1757924776859-2&#8243;][\/nectar_icon_list_item][nectar_icon_list_item icon_type=\u00bbicon\u00bb icon_family=\u00bbiconsmind\u00bb text_full_html=\u00bbsimple\u00bb title=\u00bbList Item\u00bb id=\u00bb1757924776882-9&#8243; header=\u00bbPersonal\u00bb text=\u00bbPersonal de staff en todos los campos y un responsable de campo en cada sede.\u00bb icon_iconsmind=\u00bbiconsmind-People-onCloud\u00bb tab_id=\u00bb1757924776883-2&#8243;][\/nectar_icon_list_item][nectar_icon_list_item icon_type=\u00bbicon\u00bb icon_family=\u00bbiconsmind\u00bb text_full_html=\u00bbsimple\u00bb title=\u00bbList Item\u00bb id=\u00bb1757924776900-9&#8243; header=\u00bbSeguro\u00bb text=\u00bbSeguro privado de accidentes.\u00bb icon_iconsmind=\u00bbiconsmind-Ambulance\u00bb tab_id=\u00bb1757924776901-1&#8243;][\/nectar_icon_list_item][\/nectar_icon_list][\/vc_column][vc_column column_padding=\u00bbno-extra-padding\u00bb column_padding_tablet=\u00bbinherit\u00bb column_padding_phone=\u00bbinherit\u00bb column_padding_position=\u00bball\u00bb column_element_direction_desktop=\u00bbdefault\u00bb column_element_spacing=\u00bbdefault\u00bb desktop_text_alignment=\u00bbdefault\u00bb tablet_text_alignment=\u00bbdefault\u00bb phone_text_alignment=\u00bbdefault\u00bb background_color_opacity=\u00bb1&#8243; background_hover_color_opacity=\u00bb1&#8243; column_backdrop_filter=\u00bbnone\u00bb column_shadow=\u00bbnone\u00bb column_border_radius=\u00bbnone\u00bb column_link_target=\u00bb_self\u00bb column_position=\u00bbdefault\u00bb gradient_direction=\u00bbleft_to_right\u00bb overlay_strength=\u00bb0.3&#8243; width=\u00bb1\/4&#8243; tablet_width_inherit=\u00bbdefault\u00bb animation_type=\u00bbdefault\u00bb bg_image_animation=\u00bbnone\u00bb border_type=\u00bbsimple\u00bb column_border_width=\u00bbnone\u00bb column_border_style=\u00bbsolid\u00bb][nectar_icon_list color=\u00bbdefault\u00bb direction=\u00bbvertical\u00bb icon_size=\u00bbsmall\u00bb icon_style=\u00bbborder\u00bb][nectar_icon_list_item icon_type=\u00bbicon\u00bb icon_family=\u00bbiconsmind\u00bb text_full_html=\u00bbsimple\u00bb title=\u00bbList Item\u00bb id=\u00bb1757924776958-4&#8243; header=\u00bbResultados\u00bb text=\u00bbResultados y clasificaciones online desde la web.\u00bb icon_iconsmind=\u00bbiconsmind-Numbering-List\u00bb tab_id=\u00bb1757924776958-3&#8243;][\/nectar_icon_list_item][nectar_icon_list_item icon_type=\u00bbicon\u00bb text_full_html=\u00bbsimple\u00bb title=\u00bbList Item\u00bb id=\u00bb1757924776977-9&#8243; icon_fontawesome=\u00bbfa fa-trophy\u00bb header=\u00bbTrofeos\u00bb text=\u00bbTrofeos para campe\u00f3n y subcampe\u00f3n en todas las categor\u00edas, m\u00e1s trofeos individuales.\u00bb tab_id=\u00bb1757924776978-10&#8243;][\/nectar_icon_list_item][nectar_icon_list_item icon_type=\u00bbicon\u00bb icon_family=\u00bbiconsmind\u00bb text_full_html=\u00bbsimple\u00bb title=\u00bbList Item\u00bb id=\u00bb1757924776987-4&#8243; header=\u00bbAcreditaci\u00f3n\u00bb text=\u00bbPulsera y acreditaci\u00f3n para cada jugador.\u00bb icon_iconsmind=\u00bbiconsmind-Identification-Badge\u00bb tab_id=\u00bb1757924776988-0&#8243;][\/nectar_icon_list_item][nectar_icon_list_item icon_type=\u00bbicon\u00bb icon_family=\u00bbiconsmind\u00bb text_full_html=\u00bbsimple\u00bb title=\u00bbList Item\u00bb id=\u00bb1757924777006-5&#8243; header=\u00bbSoporte\u00bb text=\u00bbAsistencia durante el torneo para cada club.\u00bb icon_iconsmind=\u00bbiconsmind-Support\u00bb tab_id=\u00bb1757924777007-5&#8243;][\/nectar_icon_list_item][nectar_icon_list_item icon_type=\u00bbicon\u00bb icon_family=\u00bbiconsmind\u00bb text_full_html=\u00bbsimple\u00bb title=\u00bbList Item\u00bb id=\u00bb1757924777026-10&#8243; header=\u00bbInauguraci\u00f3n\u00bb text=\u00bbAcceso libre a la Ceremonia de Inauguraci\u00f3n.\u00bb icon_iconsmind=\u00bbiconsmind-Cancer2&#8243; tab_id=\u00bb1757924777027-1&#8243;][\/nectar_icon_list_item][nectar_icon_list_item icon_type=\u00bbicon\u00bb icon_family=\u00bbiconsmind\u00bb text_full_html=\u00bbsimple\u00bb title=\u00bbList Item\u00bb id=\u00bb1757924777050-5&#8243; header=\u00bbFiesta\u00bb text=\u00bbAcceso a la fiesta Castell\u00f3n Summer Cup 2026.\u00bb icon_iconsmind=\u00bbiconsmind-Pizza-Slice\u00bb tab_id=\u00bb1757924777051-10&#8243;][\/nectar_icon_list_item][nectar_icon_list_item icon_type=\u00bbicon\u00bb text_full_html=\u00bbsimple\u00bb title=\u00bbList Item\u00bb id=\u00bb1757924777070-6&#8243; header=\u00bbDescuentos\u00bb text=\u00bbDescuentos en atracciones tur\u00edsticas.\u00bb icon_fontawesome=\u00bbfa fa-percent\u00bb tab_id=\u00bb1757924777070-1&#8243;][\/nectar_icon_list_item][nectar_icon_list_item icon_type=\u00bbicon\u00bb icon_family=\u00bbiconsmind\u00bb text_full_html=\u00bbsimple\u00bb title=\u00bbList Item\u00bb id=\u00bb1757924777092-2&#8243; header=\u00bbGesti\u00f3n\u00bb text=\u00bbServicio de atenci\u00f3n y reservas.\u00bb icon_iconsmind=\u00bbiconsmind-Management\u00bb tab_id=\u00bb1757924777092-2&#8243;][\/nectar_icon_list_item][nectar_icon_list_item icon_type=\u00bbicon\u00bb icon_family=\u00bbiconsmind\u00bb text_full_html=\u00bbsimple\u00bb title=\u00bbList Item\u00bb id=\u00bb1757924777106-5&#8243; header=\u00bbOrganizaci\u00f3n\u00bb text=\u00bbGastos de Organizaci\u00f3n.\u00bb icon_iconsmind=\u00bbiconsmind-Business-Mens\u00bb tab_id=\u00bb1757924777107-6&#8243;][\/nectar_icon_list_item][\/nectar_icon_list][\/vc_column][\/vc_row]\n","protected":false},"excerpt":{"rendered":"<p>[vc_row type=\u00bbfull_width_background\u00bb full_screen_row_position=\u00bbmiddle\u00bb column_margin=\u00bbdefault\u00bb column_direction=\u00bbdefault\u00bb column_direction_tablet=\u00bbdefault\u00bb column_direction_phone=\u00bbdefault\u00bb bg_color=\u00bb#ffffff\u00bb scene_position=\u00bbcenter\u00bb top_padding=\u00bb5%\u00bb bottom_padding=\u00bb5%\u00bb text_color=\u00bbdark\u00bb text_align=\u00bbleft\u00bb row_border_radius=\u00bbnone\u00bb row_border_radius_applies=\u00bbbg\u00bb overflow=\u00bbvisible\u00bb overlay_strength=\u00bb0.3&#8243; gradient_direction=\u00bbleft_to_right\u00bb shape_divider_position=\u00bbbottom\u00bb bg_image_animation=\u00bbnone\u00bb][vc_column column_padding=\u00bbpadding-2-percent\u00bb column_padding_tablet=\u00bbinherit\u00bb column_padding_phone=\u00bbinherit\u00bb column_padding_position=\u00bball\u00bb column_element_direction_desktop=\u00bbdefault\u00bb column_element_spacing=\u00bbdefault\u00bb desktop_text_alignment=\u00bbdefault\u00bb tablet_text_alignment=\u00bbdefault\u00bb phone_text_alignment=\u00bbdefault\u00bb background_color_opacity=\u00bb1&#8243;&#8230;<\/p>\n","protected":false},"author":1,"featured_media":0,"parent":0,"menu_order":0,"comment_status":"closed","ping_status":"closed","template":"","meta":{"footnotes":""},"class_list":["post-6156","page","type-page","status-publish"],"_links":{"self":[{"href":"https:\/\/www.castellonsummercup.com\/index.php\/wp-json\/wp\/v2\/pages\/6156","targetHints":{"allow":["GET"]}}],"collection":[{"href":"https:\/\/www.castellonsummercup.com\/index.php\/wp-json\/wp\/v2\/pages"}],"about":[{"href":"https:\/\/www.castellonsummercup.com\/index.php\/wp-json\/wp\/v2\/types\/page"}],"author":[{"embeddable":true,"href":"https:\/\/www.castellonsummercup.com\/index.php\/wp-json\/wp\/v2\/users\/1"}],"replies":[{"embeddable":true,"href":"https:\/\/www.castellonsummercup.com\/index.php\/wp-json\/wp\/v2\/comments?post=6156"}],"version-history":[{"count":38,"href":"https:\/\/www.castellonsummercup.com\/index.php\/wp-json\/wp\/v2\/pages\/6156\/revisions"}],"predecessor-version":[{"id":6643,"href":"https:\/\/www.castellonsummercup.com\/index.php\/wp-json\/wp\/v2\/pages\/6156\/revisions\/6643"}],"wp:attachment":[{"href":"https:\/\/www.castellonsummercup.com\/index.php\/wp-json\/wp\/v2\/media?parent=6156"}],"curies":[{"name":"wp","href":"https:\/\/api.w.org\/{rel}","templated":true}]}}