{"id":6164,"date":"2025-08-20T05:50:19","date_gmt":"2025-08-20T05:50:19","guid":{"rendered":"https:\/\/www.castellonsummercup.com\/?page_id=6164"},"modified":"2026-01-13T16:50:34","modified_gmt":"2026-01-13T16:50:34","slug":"el-torneo","status":"publish","type":"page","link":"https:\/\/www.castellonsummercup.com\/index.php\/el-torneo\/","title":{"rendered":"El torneo"},"content":{"rendered":"[vc_row type=\u00bbin_container\u00bb full_screen_row_position=\u00bbmiddle\u00bb column_margin=\u00bbdefault\u00bb column_direction=\u00bbdefault\u00bb column_direction_tablet=\u00bbdefault\u00bb column_direction_phone=\u00bbdefault\u00bb bg_color=\u00bb#ede8e4&#8243; bg_image=\u00bb6136&#8243; bg_position=\u00bbcenter center\u00bb background_image_loading=\u00bbdefault\u00bb bg_repeat=\u00bbno-repeat\u00bb scene_position=\u00bbcenter\u00bb bottom_margin=\u00bb20&#8243; text_color=\u00bbcustom\u00bb custom_text_color=\u00bb#000000&#8243; text_align=\u00bbleft\u00bb row_border_radius=\u00bbcustom\u00bb row_border_radius_applies=\u00bbbg\u00bb top_left_border_radius=\u00bb25&#8243; top_right_border_radius=\u00bb25&#8243; bottom_right_border_radius=\u00bb25&#8243; bottom_left_border_radius=\u00bb25&#8243; zindex=\u00bb1000&#8243; overflow=\u00bbvisible\u00bb enable_gradient=\u00bbtrue\u00bb color_overlay=\u00bb#10c6cc\u00bb color_overlay_2=\u00bb#10c6cc\u00bb overlay_strength=\u00bb0.8&#8243; gradient_direction=\u00bbleft_to_right\u00bb shape_divider_position=\u00bbbottom\u00bb bg_image_animation=\u00bbnone\u00bb gradient_type=\u00bbdefault\u00bb shape_type=\u00bb\u00bb][vc_column top_padding_desktop=\u00bb30&#8243; constrain_group_100=\u00bbyes\u00bb bottom_padding_desktop=\u00bb30&#8243; left_padding_desktop=\u00bb30&#8243; constrain_group_101=\u00bbyes\u00bb right_padding_desktop=\u00bb30&#8243; column_element_direction_desktop=\u00bbdefault\u00bb column_element_spacing=\u00bb20px\u00bb desktop_text_alignment=\u00bbdefault\u00bb tablet_text_alignment=\u00bbdefault\u00bb phone_text_alignment=\u00bbdefault\u00bb background_color_opacity=\u00bb1&#8243; background_hover_color_opacity=\u00bb1&#8243; column_backdrop_filter=\u00bbnone\u00bb column_shadow=\u00bbnone\u00bb column_border_radius=\u00bbnone\u00bb column_link_target=\u00bb_self\u00bb column_position=\u00bbdefault\u00bb gradient_direction=\u00bbleft_to_right\u00bb overlay_strength=\u00bb0.3&#8243; width=\u00bb1\/1&#8243; tablet_width_inherit=\u00bbdefault\u00bb animation_type=\u00bbdefault\u00bb bg_image_animation=\u00bbnone\u00bb border_type=\u00bbsimple\u00bb column_border_width=\u00bbnone\u00bb column_border_style=\u00bbsolid\u00bb column_padding_type=\u00bbadvanced\u00bb gradient_type=\u00bbdefault\u00bb][divider line_type=\u00bbNo Line\u00bb custom_height=\u00bb4vw\u00bb][vc_row_inner column_margin=\u00bbdefault\u00bb column_direction=\u00bbdefault\u00bb column_direction_tablet=\u00bbdefault\u00bb column_direction_phone=\u00bbdefault\u00bb text_align=\u00bbleft\u00bb row_position=\u00bbdefault\u00bb row_position_tablet=\u00bbinherit\u00bb row_position_phone=\u00bbinherit\u00bb overflow=\u00bbvisible\u00bb pointer_events=\u00bball\u00bb][vc_column_inner column_padding=\u00bbno-extra-padding\u00bb column_padding_tablet=\u00bbinherit\u00bb column_padding_phone=\u00bbinherit\u00bb column_padding_position=\u00bball\u00bb column_element_direction_desktop=\u00bbdefault\u00bb column_element_spacing=\u00bbdefault\u00bb desktop_text_alignment=\u00bbcenter\u00bb tablet_text_alignment=\u00bbdefault\u00bb phone_text_alignment=\u00bbdefault\u00bb background_color_opacity=\u00bb1&#8243; background_hover_color_opacity=\u00bb1&#8243; column_backdrop_filter=\u00bbnone\u00bb column_shadow=\u00bbnone\u00bb column_border_radius=\u00bbnone\u00bb column_link_target=\u00bb_self\u00bb overflow=\u00bbvisible\u00bb gradient_direction=\u00bbleft_to_right\u00bb overlay_strength=\u00bb0.3&#8243; width=\u00bb1\/1&#8243; tablet_width_inherit=\u00bbdefault\u00bb animation_type=\u00bbdefault\u00bb bg_image_animation=\u00bbnone\u00bb border_type=\u00bbsimple\u00bb column_border_width=\u00bbnone\u00bb column_border_style=\u00bbsolid\u00bb column_padding_type=\u00bbdefault\u00bb gradient_type=\u00bbdefault\u00bb][nectar_cta btn_style=\u00bbtext-reveal\u00bb heading_tag=\u00bbh2&#8243; font_size_max=\u00bb100px\u00bb button_color=\u00bbdefault\u00bb text_color=\u00bb#ffffff\u00bb button_border_thickness=\u00bb0px\u00bb link_type=\u00bbregular\u00bb alignment=\u00bbleft\u00bb alignment_tablet=\u00bbdefault\u00bb alignment_phone=\u00bbdefault\u00bb display=\u00bbblock\u00bb display_tablet=\u00bbinherit\u00bb display_phone=\u00bbinherit\u00bb icon_family=\u00bbnone\u00bb font_size_desktop=\u00bb7vw\u00bb link_text=\u00bbInformaci\u00f3n general\u00bb font_size_phone=\u00bb10vw\u00bb margin_bottom=\u00bb10px\u00bb][\/vc_column_inner][\/vc_row_inner][divider line_type=\u00bbNo Line\u00bb custom_height=\u00bb3vw\u00bb][\/vc_column][\/vc_row][vc_row type=\u00bbfull_width_content\u00bb full_screen_row_position=\u00bbmiddle\u00bb column_margin=\u00bbdefault\u00bb column_direction=\u00bbdefault\u00bb column_direction_tablet=\u00bbdefault\u00bb column_direction_phone=\u00bbdefault\u00bb scene_position=\u00bbcenter\u00bb top_padding=\u00bb0&#8243; bottom_padding=\u00bb0&#8243; left_padding_desktop=\u00bb7%\u00bb constrain_group_2=\u00bbyes\u00bb right_padding_desktop=\u00bb7%\u00bb text_color=\u00bbdark\u00bb text_align=\u00bbleft\u00bb row_border_radius=\u00bbnone\u00bb row_border_radius_applies=\u00bbbg\u00bb overflow=\u00bbvisible\u00bb advanced_gradient_angle=\u00bb0&#8243; overlay_strength=\u00bb0.3&#8243; gradient_direction=\u00bbleft_to_right\u00bb shape_divider_position=\u00bbbottom\u00bb bg_image_animation=\u00bbnone\u00bb gradient_type=\u00bbdefault\u00bb shape_type=\u00bb\u00bb][vc_column column_padding=\u00bbno-extra-padding\u00bb column_padding_tablet=\u00bbinherit\u00bb column_padding_phone=\u00bbinherit\u00bb column_padding_position=\u00bball\u00bb column_element_direction_desktop=\u00bbdefault\u00bb column_element_spacing=\u00bbdefault\u00bb desktop_text_alignment=\u00bbdefault\u00bb tablet_text_alignment=\u00bbdefault\u00bb phone_text_alignment=\u00bbdefault\u00bb background_color_opacity=\u00bb1&#8243; background_hover_color_opacity=\u00bb1&#8243; column_backdrop_filter=\u00bbnone\u00bb column_shadow=\u00bbnone\u00bb column_border_radius=\u00bbnone\u00bb column_link_target=\u00bb_self\u00bb column_position=\u00bbdefault\u00bb advanced_gradient_angle=\u00bb0&#8243; gradient_direction=\u00bbleft_to_right\u00bb overlay_strength=\u00bb0.3&#8243; width=\u00bb1\/1&#8243; tablet_width_inherit=\u00bbdefault\u00bb animation_type=\u00bbdefault\u00bb bg_image_animation=\u00bbnone\u00bb border_type=\u00bbsimple\u00bb column_border_width=\u00bbnone\u00bb column_border_style=\u00bbsolid\u00bb padding_type=\u00bbdefault\u00bb gradient_type=\u00bbdefault\u00bb][tabbed_section style=\u00bbminimal\u00bb tab_change_animation=\u00bbnone\u00bb alignment=\u00bbleft\u00bb spacing=\u00bbdefault\u00bb tab_color=\u00bbAccent-Color\u00bb vs_content_animation=\u00bbfade\u00bb vs_link_animation=\u00bbopacity\u00bb vs_navigation_alignment=\u00bbleft\u00bb vs_navigation_width_2=\u00bb25%\u00bb vs_navigation_func=\u00bbdefault\u00bb vs_navigation_width=\u00bbregular\u00bb vs_navigation_spacing=\u00bb15px\u00bb vs_navigation_mobile_display=\u00bbvisible\u00bb vs_tab_spacing=\u00bb5%\u00bb cta_button_style=\u00bbaccent-color\u00bb icon_size=\u00bb24&#8243; animation=\u00bb\u00bb][tab icon_family=\u00bbnone\u00bb id=\u00bb1757686907864-5&#8243; tab_id=\u00bb1757686907865-1&#8243;][vc_row_inner equal_height=\u00bbyes\u00bb column_margin=\u00bb40px\u00bb column_direction=\u00bbdefault\u00bb column_direction_tablet=\u00bbdefault\u00bb column_direction_phone=\u00bbdefault\u00bb text_align=\u00bbleft\u00bb row_position=\u00bbdefault\u00bb row_position_tablet=\u00bbinherit\u00bb row_position_phone=\u00bbinherit\u00bb overflow=\u00bbvisible\u00bb pointer_events=\u00bball\u00bb][vc_column_inner top_padding_desktop=\u00bb40&#8243; constrain_group_100=\u00bbyes\u00bb bottom_padding_desktop=\u00bb40&#8243; left_padding_desktop=\u00bb40&#8243; constrain_group_101=\u00bbyes\u00bb right_padding_desktop=\u00bb40&#8243; column_element_direction_desktop=\u00bbdefault\u00bb column_element_spacing=\u00bb10px\u00bb desktop_text_alignment=\u00bbdefault\u00bb tablet_text_alignment=\u00bbdefault\u00bb phone_text_alignment=\u00bbdefault\u00bb background_color=\u00bb#10c6cc\u00bb background_color_opacity=\u00bb1&#8243; background_hover_color_opacity=\u00bb1&#8243; column_backdrop_filter=\u00bbnone\u00bb font_color=\u00bb#ffffff\u00bb column_shadow=\u00bbcustom\u00bb column_border_radius=\u00bb15px\u00bb column_link_target=\u00bb_self\u00bb zindex=\u00bb100&#8243; overflow=\u00bbhidden\u00bb advanced_gradient_angle=\u00bb0&#8243; gradient_direction=\u00bbleft_to_right\u00bb overlay_strength=\u00bb0.3&#8243; width=\u00bb1\/1&#8243; tablet_width_inherit=\u00bbdefault\u00bb animation_type=\u00bbdefault\u00bb bg_image_animation=\u00bbnone\u00bb border_type=\u00bbsimple\u00bb column_border_width=\u00bbnone\u00bb column_border_style=\u00bbsolid\u00bb gradient_type=\u00bbdefault\u00bb padding_type=\u00bbadvanced\u00bb column_padding_type=\u00bbadvanced\u00bb column_shadow_custom=\u00bb\u00bb custom_box_shadow=\u00bbhorizontal:40,vertical:60,blur:60,spread:-20,opacity:0.175&#8243;][vc_column_text css=\u00bb\u00bb text_direction=\u00bbdefault\u00bb]\n<h2>1. Qu\u00e9 es la Castell\u00f3n Summer Cup<\/h2>\n<p>La Castell\u00f3n Summer Cup es un Torneo Internacional de F\u00fatbol Base que se va a celebrar anualmente en la provincia de Castell\u00f3n, dirigido a equipos pertenecientes a clubes de f\u00fatbol, escuelas de f\u00fatbol, academias de tecnificaci\u00f3n, y centros educativos participantes en ligas escolares.<\/p>\n<h2>2. Fechas de inscripci\u00f3n<\/h2>\n<p>La inscripci\u00f3n para la Castell\u00f3n Summer Cup 2026 se abre el 15 de septiembre para equipos nacionales y extranjeros. Las inscripciones se cerrar\u00e1n una vez se alcancen las plazas m\u00e1ximas por categor\u00eda.<\/p>\n<h2>3. Paquetes de alojamiento<\/h2>\n<p>Alojamiento en hotel<\/p>\n<p>Todos los participantes, entrenadores y jugadores, que se alojen en el hotel tienen que pagar el coste del alojamiento y la cuota de participaci\u00f3n. El precio incluye pensi\u00f3n completa en el hotel seleccionado.<\/p>\n<p>Alojamiento por su cuenta<\/p>\n<p>Los equipos que se alojen por su cuenta tienen que pagar la cuota de participaci\u00f3n y la cuota de inscripci\u00f3n.<\/p>\n<h2>4. Alojamiento en hotel<\/h2>\n<p>La entrada en los alojamientos deber\u00e1 realizarse el martes 30 de junio a partir de las 14:00h, y despu\u00e9s de haber sido acreditados y una vez pasado el control de edad.<\/p>\n<p>La salida del alojamiento deber\u00e1 realizarse el domingo 5 de julio.<\/p>\n<h2>5. Alojamiento de familiares<\/h2>\n<p>De cara a elegir un alojamiento de su preferencia, pueden consultar los alojamientos de la zona en nuestro apartado alojamiento acompa\u00f1antes.<\/p>\n<h2>6. Dietas especiales<\/h2>\n<p>Se ofrecen comidas para personas con necesidades alimentarias especiales o alergias. Se deber\u00e1 comunicar antes del 15 de junio a la organizaci\u00f3n.<\/p>\n<h2>7. Transporte<\/h2>\n<blockquote>\n<p><strong>Transfers<\/strong><\/p>\n<\/blockquote>\n<p>Los traslados de ida y vuelta entre el aeropuerto o estaci\u00f3n de tren y su alojamiento no est\u00e1n incluidos en el precio del alojamiento. Deber\u00e1n contratarse por separado, pudiendo ser a trav\u00e9s de la organizaci\u00f3n.<\/p>\n<blockquote>\n<p><strong>Bus Castell\u00f3n Summer Cup<\/strong><\/p>\n<\/blockquote>\n<p>En caso de necesitar servicio de autob\u00fas pedir presupuesto a la organizaci\u00f3n del torneo. El torneo cuenta con 16 sedes ubicadas por todo el territorio de Castell\u00f3n, por lo que se recomienda contar con un medio de transporte.<\/p>\n<h2>8. Castell\u00f3n Summer Cup Card<\/h2>\n<p>La Castell\u00f3n Summer Cup Card es la acreditaci\u00f3n que se entrega a todos los participantes del torneo. Incluye acceso a la Ceremonia de Inauguraci\u00f3n y descuentos en actividades recomendadas.<\/p>\n<h2>9. Control de edad y acreditaciones<\/h2>\n<p>Antes del comienzo del torneo, todos los jugadores deber\u00e1n pasar el control de edad. Para ello, deber\u00e1n presentar el DNI, pasaporte en vigor o ficha federativa. Estos documentos siempre deber\u00e1n ser originales; no se aceptar\u00e1n fotocopias.<\/p>\n<p>Una vez acreditada la edad, a cada participante se le colocar\u00e1 en la mu\u00f1eca una pulsera identificativa con un color que acreditar\u00e1 su a\u00f1o de nacimiento.<\/p>\n<p>Para poder disputar cualquier encuentro, incluida la final, es obligatorio llevar en la mu\u00f1eca la pulsera que acredite la edad de cada participante. \u00a0Si a un jugador se le rompiera la pulsera en el terreno de juega, ser\u00e1 sustituida por una nueva, previa entrega de la pulsera rota. En caso de que se rompa fuera del campo, el jugador deber\u00e1 acreditar su edad y entregar la pulsera rota para sustituirla.<\/p>\n<h2>10. Premios<\/h2>\n<p>Los dos equipos finalistas de cada categor\u00eda recibir\u00e1n medallas y el trofeo de campe\u00f3n y subcampe\u00f3n de la Castell\u00f3n Summer Cup de la categor\u00eda correspondiente. El mejor jugador\/a y portero de cada categor\u00eda recibir\u00e1 el premio MVP as\u00ed como el m\u00e1ximo goleador\/a.<\/p>\n<h2>11. Fechas importantes<\/h2>\n<blockquote>\n<p>Inscripciones equipos nacionales y extranjeros<\/p>\n<\/blockquote>\n<ul>\n<li><strong>15 de septiembre<\/strong>: Apertura de inscripciones<\/li>\n<li><strong>15 de mayo<\/strong>: Pago final<\/li>\n<li><strong>22 de mayo<\/strong>: Fecha l\u00edmite para mandar toda la documentaci\u00f3n requerida<\/li>\n<\/ul>\n<blockquote>\n<p>El torneo<\/p>\n<\/blockquote>\n<ul>\n<li><strong>30 de junio<\/strong>: Llegadas y control de edad<\/li>\n<li><strong>1 de julio<\/strong>: Primer d\u00eda de partidos y Ceremonia de Inauguraci\u00f3n<\/li>\n<li><strong>5 de julio<\/strong>: \u00daltimas finales y fin del torneo<\/li>\n<\/ul>\n<h2>12. Seguro de accidentes<\/h2>\n<p>Todos los participantes estar\u00e1n cubiertos por un seguro privado de accidentes que incluye asistencia sanitaria en caso de lesiones derivadas directamente de la pr\u00e1ctica del f\u00fatbol durante el torneo, como golpes, ca\u00eddas u otras incidencias ocurridas durante la competici\u00f3n.<\/p>\n<p>En el centro hospitalario donde se atender\u00e1n dichos accidentes, para poder ser atendido, deber\u00e1n seguir las instrucciones de la organizaci\u00f3n y completar el parte de accidentes disponible en cada sede.<\/p>\n<p>Cada participante es responsable de su seguro personal fuera del terreno de juego.<\/p>\n<h2>13. Cancelaci\u00f3n del torneo y causas de fuerza mayor<\/h2>\n<p>La Castell\u00f3n Summer Cup no se responsabilizar\u00e1 de las indemnizaciones ni de las p\u00e9rdidas financieras o da\u00f1os que puedan producirse debido a acontecimientos fuera del control de la Castell\u00f3n Summer Cup, como acontecimientos b\u00e9licos, incendios, inundaciones, interrupciones en las conexiones de transporte p\u00fablico, acciones gubernamentales, huelgas u otras circunstancias similares.[\/vc_column_text][nectar_cta btn_style=\u00bbunderline\u00bb heading_tag=\u00bbh2&#8243; button_color=\u00bbdefault\u00bb button_border_thickness=\u00bb0px\u00bb link_type=\u00bbregular\u00bb alignment=\u00bbcenter\u00bb alignment_tablet=\u00bbdefault\u00bb alignment_phone=\u00bbdefault\u00bb display=\u00bbblock\u00bb display_tablet=\u00bbinherit\u00bb display_phone=\u00bbinherit\u00bb icon_family=\u00bbnone\u00bb link_text=\u00bbInscr\u00edbete\u00bb margin_top=\u00bb5%\u00bb margin_bottom=\u00bb2%\u00bb url=\u00bbhttps:\/\/www.castellonsummercup.com\/index.php\/reservas\/\u00bb][\/vc_column_inner][\/vc_row_inner][\/tab][\/tabbed_section][\/vc_column][\/vc_row]\n","protected":false},"excerpt":{"rendered":"<p>[vc_row type=\u00bbin_container\u00bb full_screen_row_position=\u00bbmiddle\u00bb column_margin=\u00bbdefault\u00bb column_direction=\u00bbdefault\u00bb column_direction_tablet=\u00bbdefault\u00bb column_direction_phone=\u00bbdefault\u00bb bg_color=\u00bb#ede8e4&#8243; bg_image=\u00bb6136&#8243; bg_position=\u00bbcenter center\u00bb background_image_loading=\u00bbdefault\u00bb bg_repeat=\u00bbno-repeat\u00bb scene_position=\u00bbcenter\u00bb bottom_margin=\u00bb20&#8243; text_color=\u00bbcustom\u00bb custom_text_color=\u00bb#000000&#8243; text_align=\u00bbleft\u00bb row_border_radius=\u00bbcustom\u00bb row_border_radius_applies=\u00bbbg\u00bb top_left_border_radius=\u00bb25&#8243; top_right_border_radius=\u00bb25&#8243; bottom_right_border_radius=\u00bb25&#8243; bottom_left_border_radius=\u00bb25&#8243; zindex=\u00bb1000&#8243; overflow=\u00bbvisible\u00bb enable_gradient=\u00bbtrue\u00bb color_overlay=\u00bb#10c6cc\u00bb color_overlay_2=\u00bb#10c6cc\u00bb overlay_strength=\u00bb0.8&#8243;&#8230;<\/p>\n","protected":false},"author":1,"featured_media":0,"parent":0,"menu_order":0,"comment_status":"closed","ping_status":"closed","template":"","meta":{"footnotes":""},"class_list":["post-6164","page","type-page","status-publish"],"_links":{"self":[{"href":"https:\/\/www.castellonsummercup.com\/index.php\/wp-json\/wp\/v2\/pages\/6164","targetHints":{"allow":["GET"]}}],"collection":[{"href":"https:\/\/www.castellonsummercup.com\/index.php\/wp-json\/wp\/v2\/pages"}],"about":[{"href":"https:\/\/www.castellonsummercup.com\/index.php\/wp-json\/wp\/v2\/types\/page"}],"author":[{"embeddable":true,"href":"https:\/\/www.castellonsummercup.com\/index.php\/wp-json\/wp\/v2\/users\/1"}],"replies":[{"embeddable":true,"href":"https:\/\/www.castellonsummercup.com\/index.php\/wp-json\/wp\/v2\/comments?post=6164"}],"version-history":[{"count":18,"href":"https:\/\/www.castellonsummercup.com\/index.php\/wp-json\/wp\/v2\/pages\/6164\/revisions"}],"predecessor-version":[{"id":6614,"href":"https:\/\/www.castellonsummercup.com\/index.php\/wp-json\/wp\/v2\/pages\/6164\/revisions\/6614"}],"wp:attachment":[{"href":"https:\/\/www.castellonsummercup.com\/index.php\/wp-json\/wp\/v2\/media?parent=6164"}],"curies":[{"name":"wp","href":"https:\/\/api.w.org\/{rel}","templated":true}]}}